{"id":45,"date":"2022-09-11T18:22:29","date_gmt":"2022-09-11T18:22:29","guid":{"rendered":"https:\/\/americanownstarconstruction.com\/generated-homepage\/"},"modified":"2022-10-07T00:46:56","modified_gmt":"2022-10-07T00:46:56","slug":"concrete-services","status":"publish","type":"page","link":"https:\/\/americanownstarconstruction.com\/es\/","title":{"rendered":"American Own Star Construction"},"content":{"rendered":"<h1 style=\"text-align: left;\">Conf\u00eda en nosotros para todos tus proyectos de concreto<\/h1>\n<p style=\"text-align: left;\">Brindamos servicios confiables y asequibles para todos.<\/p>\n<p style=\"\">Nosotros<\/p>\n<h2 style=\"\">Disfrute de un gran servicio, una calidad excepcional y resultados sobresalientes.<\/h2>\n<p style=\"\">American Ownstar es una empresa de propiedad y operaci\u00f3n familiar cuyo propietario y personal tiene 8 a\u00f1os de experiencia en la industria del hormig\u00f3n.<\/p>\n<p style=\"\">Nuestra versatilidad significa que puede confiar en nosotros para todos sus proyectos de hormig\u00f3n. Nuestro compromiso con su satisfacci\u00f3n significa que obtendr\u00e1 el resultado que est\u00e1 buscando. Disfrute de un gran servicio, una calidad excepcional y resultados sobresalientes.<\/p>\n<p style=\"\" class=\" translation-block\">Entrega de Proyectos de Calidad<\/p>\n<p style=\"\" class=\" translation-block\">Equipo de expertos<\/p>\n<p><strong><span><span>Experiencia <\/span><\/span><\/strong><\/p>\n<p><strong><span><span>comprobada<\/span><\/span><\/strong><\/p>\n<p style=\"text-align: center;\">Beneficios<\/p>\n<h2 style=\"text-align: center;\">Brindando el Mejor Servicio para<\/h2>\n<h2 style=\"text-align: center;\">Construir tus Sue\u00f1os<\/h2>\n<p style=\"text-align: center;\">Trabajadores profesionales<\/p>\n<p style=\"text-align: center;\">Tenemos experiencia, conocimiento, motivaci\u00f3n, equipo y mano de obra para atender sus necesidades.<\/p>\n<p style=\"text-align: center;\">Calidad garantizada<\/p>\n<p style=\"text-align: center;\">Estamos dedicados al servicio al cliente y creemos que nuestra empresa puede brindar un servicio de calidad a precios competitivos.<\/p>\n<p style=\"text-align: center;\">Amplia experiencia<\/p>\n<p style=\"text-align: center;\">La honestidad es ante todo la directriz de nuestra empresa. Nos tomaremos el tiempo necesario para ayudar a nuestros clientes a comprender el producto y el proceso involucrado en sus proyectos.<\/p>\n<p style=\"text-align: center;\">Servicios<\/p>\n<h2 style=\"text-align: center;\">Soluciones de construcci\u00f3n de alta calidad y confiables<\/h2>\n<p><span style=\"\"><img decoding=\"async\" alt=\"\" data-id=\"312\" width=\"248\" height=\"186\" title=\"Sidewalks-min\" src=\"https:\/\/americanownstarconstruction.com\/wp-content\/uploads\/2022\/09\/Sidewalks-min.png\" style=\"\" mt-d=\"0\" center-v-d=\"false\" mt-t=\"-43\" data-width=\"248\" data-height=\"186\" data-init-width=\"1024\" data-init-height=\"768\" loading=\"lazy\" ml-d=\"0\" mt-m=\"0\" center-v-m=\"false\" ml-m=\"0\"><\/span><\/p>\n<p style=\"\">Aceras<\/p>\n<p style=\"\">Es un camino al costado de una carretera donde American Ownstar INC lo hace para que los peatones disfruten de sus paseos.<\/p>\n<p><span style=\"\"><img decoding=\"async\" alt=\"\" data-id=\"309\" width=\"248\" height=\"186\" title=\"Pool Decks-min\" src=\"https:\/\/americanownstarconstruction.com\/wp-content\/uploads\/2022\/09\/Pool-Decks-min.png\" style=\"\" mt-d=\"-0.49500000000000455\" mt-t=\"-43\" center-v-d=\"false\" data-width=\"248\" data-height=\"186\" data-init-width=\"1024\" data-init-height=\"768\" loading=\"lazy\" ml-d=\"0\" mt-m=\"0\" center-v-m=\"true\"><\/span><\/p>\n<p style=\"\">Cubiertas de piscina<\/p>\n<p style=\"\">The area that surrounds your swimming pool is called a pool deck. Many people choose a concrete pool deck since it&#8217;s a durable material that we can customize to the customer&#8217;s preferences.<\/p>\n<p><span style=\"\"><img decoding=\"async\" alt=\"\" data-id=\"308\" width=\"248\" height=\"186\" title=\"Driveway-min\" src=\"https:\/\/americanownstarconstruction.com\/wp-content\/uploads\/2022\/09\/Driveway-min.png\" mt-t=\"-43\" style=\"\" mt-d=\"0\" center-v-d=\"false\" data-width=\"248\" data-height=\"186\" data-init-width=\"1024\" data-init-height=\"768\" ml-d=\"0\" loading=\"lazy\" mt-m=\"0\" center-v-m=\"false\"><\/span><\/p>\n<p>Driveway<\/p>\n<p style=\"\">Un camino privado que da acceso desde una v\u00eda p\u00fablica a un edificio en terrenos colindantes. El hormig\u00f3n es un material excelente para la entrada de veh\u00edculos. Es vers\u00e1til, preferido por su durabilidad, apariencia y mantenimiento m\u00ednimo. Brindamos una amplia variedad de opciones de dise\u00f1o que pueden marcar una diferencia significativa en el paisajismo del hogar y aumentar el valor de la propiedad.<\/p>\n<p><span style=\"\"><img decoding=\"async\" alt=\"\" data-id=\"314\" width=\"248\" height=\"186\" title=\"Concrete Pads-min\" src=\"https:\/\/americanownstarconstruction.com\/wp-content\/uploads\/2022\/09\/Concrete-Pads-min.png\" mt-t=\"-43\" style=\"\" mt-d=\"0\" center-v-d=\"false\" data-width=\"248\" data-height=\"186\" data-init-width=\"1024\" data-init-height=\"768\" ml-d=\"0\" loading=\"lazy\" mt-m=\"0\" center-v-m=\"false\"><\/span><\/p>\n<p style=\"\">Almohadillas de hormig\u00f3n<\/p>\n<p style=\"\">It&#8217;s a form of spread foundation that American Ownstar INC to form by rectangular, square, or sometimes circular concrete &#8216;pads&#8217; that support localized single-point loads such as structural columns, groups of columns or framed structures.<\/p>\n<p><span style=\"\"><img decoding=\"async\" alt=\"\" data-id=\"311\" width=\"248\" height=\"186\" title=\"Retaining Walls-min\" src=\"https:\/\/americanownstarconstruction.com\/wp-content\/uploads\/2022\/09\/Retaining-Walls-min.png\" style=\"\" mt-d=\"-0.8500000000000227\" center-v-d=\"false\" mt-t=\"-43\" data-width=\"248\" data-height=\"186\" data-init-width=\"1024\" data-init-height=\"768\" loading=\"lazy\" ml-d=\"0\" mt-m=\"0\" center-v-m=\"false\" ml-m=\"0\"><\/span><\/p>\n<p style=\"\">Muro de contenci\u00f3n<\/p>\n<p style=\"\">Paredes relativamente r\u00edgidas utilizadas para soportar el suelo lateralmente de modo que pueda retenerse en diferentes niveles en los dos lados. American Ownstar INC puede crear hermosos muros de contenci\u00f3n que mejoran la belleza y el paisaje de su hogar.<\/p>\n<p><span style=\"\"><img decoding=\"async\" alt=\"\" data-id=\"310\" width=\"248\" height=\"186\" title=\"Porches and Patios-min\" src=\"https:\/\/americanownstarconstruction.com\/wp-content\/uploads\/2022\/09\/Porches-and-Patios-min.png\" style=\"\" mt-d=\"-0.5120000000000005\" mt-t=\"-43\" center-v-d=\"false\" data-width=\"248\" data-height=\"186\" data-init-width=\"1024\" data-init-height=\"768\" loading=\"lazy\" ml-d=\"0\" mt-m=\"0\" center-v-m=\"false\"><\/span><\/p>\n<p style=\"\">Porches y patios<\/p>\n<p style=\"\">Por lo general, una losa de cemento en el patio trasero justo contra la casa. Un porche es m\u00e1s com\u00fanmente una plataforma cubierta con pantallas para las paredes. American Ownstar INC lo ayuda a construir un mundo exterior donde disfruta de la vida al aire libre.<\/p>\n<p><span style=\"\"><img decoding=\"async\" alt=\"\" data-id=\"307\" width=\"248\" height=\"186\" title=\"Concrete Steps-min\" src=\"https:\/\/americanownstarconstruction.com\/wp-content\/uploads\/2022\/09\/Concrete-Steps-min.png\" mt-t=\"-43\" style=\"\" mt-d=\"0\" center-v-d=\"false\" data-width=\"248\" data-height=\"186\" data-init-width=\"1024\" data-init-height=\"768\" ml-d=\"0\" loading=\"lazy\" mt-m=\"0\" center-v-m=\"false\"><\/span><\/p>\n<p>Steps de concreto<\/p>\n<p style=\"\">Los escalones de hormig\u00f3n vertido en el sitio se forman primero con madera y luego se construyen con hormig\u00f3n vertido s\u00f3lido.<\/p>\n<p><span style=\"\"><img decoding=\"async\" alt=\"\" data-id=\"313\" width=\"248\" height=\"186\" title=\"Concrete Footers-min\" src=\"https:\/\/americanownstarconstruction.com\/wp-content\/uploads\/2022\/09\/Concrete-Footers-min.png\" mt-t=\"0\" style=\"\" mt-d=\"0\" center-v-d=\"false\" data-width=\"248\" data-height=\"186\" data-init-width=\"1024\" data-init-height=\"768\" ml-d=\"0\" loading=\"lazy\" mt-m=\"0\" center-v-m=\"false\" ml-m=\"0\"><\/span><\/p>\n<p style=\"\">Footers de concreto<\/p>\n<p style=\"\">It&#8217;s a structural element that\u2019s made from poured concrete and reinforced with rebar. It\u2019s used to support the foundation and to stop it from settling.<\/p>\n<p style=\"text-align: center;\">Contacto<\/p>\n<h2 style=\"text-align: center;\">Hablemos de tu proyecto y descubre todas las soluciones que tenemos para ti<\/h2>","protected":false},"excerpt":{"rendered":"<p>Trust us with all your concrete projects We provide reliable, affordable services for everyone. About us Enjoy great service, exceptional quality, and outstanding results. American Ownstar is a family-owned and operated company whose owner and staff has 8 years of experience in the concrete industry. Our versatilly means you can trust us with all your [&hellip;]<\/p>","protected":false},"author":1,"featured_media":0,"parent":0,"menu_order":0,"comment_status":"closed","ping_status":"closed","template":"","meta":{"footnotes":""},"class_list":["post-45","page","type-page","status-publish","hentry","post-wrapper","thrv_wrapper"],"yoast_head":"<!-- This site is optimized with the Yoast SEO plugin v20.13 - https:\/\/yoast.com\/wordpress\/plugins\/seo\/ -->\n<title>American Own Star Construction - American Ownstar Construction<\/title>\n<meta name=\"description\" content=\"Concrete solutions. Trust us with any concrete project to provide reliable, affordable services for everyone.\" \/>\n<meta name=\"robots\" content=\"index, follow, max-snippet:-1, max-image-preview:large, max-video-preview:-1\" \/>\n<link rel=\"canonical\" href=\"https:\/\/americanownstarconstruction.com\/es\/\" \/>\n<meta property=\"og:locale\" content=\"es_MX\" \/>\n<meta property=\"og:type\" content=\"article\" \/>\n<meta property=\"og:title\" content=\"American Own Star Construction - American Ownstar Construction\" \/>\n<meta property=\"og:description\" content=\"Concrete solutions. Trust us with any concrete project to provide reliable, affordable services for everyone.\" \/>\n<meta property=\"og:url\" content=\"https:\/\/americanownstarconstruction.com\/es\/\" \/>\n<meta property=\"og:site_name\" content=\"American Ownstar Construction\" \/>\n<meta property=\"article:modified_time\" content=\"2022-10-07T00:46:56+00:00\" \/>\n<meta property=\"og:image\" content=\"https:\/\/americanownstarconstruction.com\/wp-content\/uploads\/2022\/09\/Sidewalks-min.png\" \/>\n<meta name=\"twitter:card\" content=\"summary_large_image\" \/>\n<meta name=\"twitter:label1\" content=\"Tiempo de lectura\" \/>\n\t<meta name=\"twitter:data1\" content=\"4 minutos\" \/>\n<script type=\"application\/ld+json\" class=\"yoast-schema-graph\">{\"@context\":\"https:\/\/schema.org\",\"@graph\":[{\"@type\":\"WebPage\",\"@id\":\"https:\/\/americanownstarconstruction.com\/\",\"url\":\"https:\/\/americanownstarconstruction.com\/\",\"name\":\"American Own Star Construction - American Ownstar Construction\",\"isPartOf\":{\"@id\":\"https:\/\/americanownstarconstruction.com\/#website\"},\"datePublished\":\"2022-09-11T18:22:29+00:00\",\"dateModified\":\"2022-10-07T00:46:56+00:00\",\"description\":\"Concrete solutions. Trust us with any concrete project to provide reliable, affordable services for everyone.\",\"breadcrumb\":{\"@id\":\"https:\/\/americanownstarconstruction.com\/#breadcrumb\"},\"inLanguage\":\"es\",\"potentialAction\":[{\"@type\":\"ReadAction\",\"target\":[\"https:\/\/americanownstarconstruction.com\/\"]}]},{\"@type\":\"BreadcrumbList\",\"@id\":\"https:\/\/americanownstarconstruction.com\/#breadcrumb\",\"itemListElement\":[{\"@type\":\"ListItem\",\"position\":1,\"name\":\"Home\",\"item\":\"https:\/\/americanownstarconstruction.com\/\"},{\"@type\":\"ListItem\",\"position\":2,\"name\":\"American Own Star Construction\"}]},{\"@type\":\"WebSite\",\"@id\":\"https:\/\/americanownstarconstruction.com\/#website\",\"url\":\"https:\/\/americanownstarconstruction.com\/\",\"name\":\"American Ownstar Construction\",\"description\":\"Your Concrete Solution\",\"publisher\":{\"@id\":\"https:\/\/americanownstarconstruction.com\/#organization\"},\"potentialAction\":[{\"@type\":\"SearchAction\",\"target\":{\"@type\":\"EntryPoint\",\"urlTemplate\":\"https:\/\/americanownstarconstruction.com\/?s={search_term_string}\"},\"query-input\":\"required name=search_term_string\"}],\"inLanguage\":\"es\"},{\"@type\":\"Organization\",\"@id\":\"https:\/\/americanownstarconstruction.com\/#organization\",\"name\":\"American Ownstar Construction\",\"url\":\"https:\/\/americanownstarconstruction.com\/\",\"logo\":{\"@type\":\"ImageObject\",\"inLanguage\":\"es\",\"@id\":\"https:\/\/americanownstarconstruction.com\/#\/schema\/logo\/image\/\",\"url\":\"https:\/\/americanownstarconstruction.com\/wp-content\/uploads\/2022\/09\/Untitled-2-e1662931260386.png\",\"contentUrl\":\"https:\/\/americanownstarconstruction.com\/wp-content\/uploads\/2022\/09\/Untitled-2-e1662931260386.png\",\"width\":1000,\"height\":370,\"caption\":\"American Ownstar Construction\"},\"image\":{\"@id\":\"https:\/\/americanownstarconstruction.com\/#\/schema\/logo\/image\/\"}}]}<\/script>\n<!-- \/ Yoast SEO plugin. -->","yoast_head_json":{"title":"American Own Star Construction - American Ownstar Construction","description":"Concrete solutions. Trust us with any concrete project to provide reliable, affordable services for everyone.","robots":{"index":"index","follow":"follow","max-snippet":"max-snippet:-1","max-image-preview":"max-image-preview:large","max-video-preview":"max-video-preview:-1"},"canonical":"https:\/\/americanownstarconstruction.com\/es\/","og_locale":"es_MX","og_type":"article","og_title":"American Own Star Construction - American Ownstar Construction","og_description":"Concrete solutions. Trust us with any concrete project to provide reliable, affordable services for everyone.","og_url":"https:\/\/americanownstarconstruction.com\/es\/","og_site_name":"American Ownstar Construction","article_modified_time":"2022-10-07T00:46:56+00:00","og_image":[{"url":"https:\/\/americanownstarconstruction.com\/wp-content\/uploads\/2022\/09\/Sidewalks-min.png"}],"twitter_card":"summary_large_image","twitter_misc":{"Tiempo de lectura":"4 minutos"},"schema":{"@context":"https:\/\/schema.org","@graph":[{"@type":"WebPage","@id":"https:\/\/americanownstarconstruction.com\/","url":"https:\/\/americanownstarconstruction.com\/","name":"American Own Star Construction - American Ownstar Construction","isPartOf":{"@id":"https:\/\/americanownstarconstruction.com\/#website"},"datePublished":"2022-09-11T18:22:29+00:00","dateModified":"2022-10-07T00:46:56+00:00","description":"Concrete solutions. Trust us with any concrete project to provide reliable, affordable services for everyone.","breadcrumb":{"@id":"https:\/\/americanownstarconstruction.com\/#breadcrumb"},"inLanguage":"es","potentialAction":[{"@type":"ReadAction","target":["https:\/\/americanownstarconstruction.com\/"]}]},{"@type":"BreadcrumbList","@id":"https:\/\/americanownstarconstruction.com\/#breadcrumb","itemListElement":[{"@type":"ListItem","position":1,"name":"Home","item":"https:\/\/americanownstarconstruction.com\/"},{"@type":"ListItem","position":2,"name":"American Own Star Construction"}]},{"@type":"WebSite","@id":"https:\/\/americanownstarconstruction.com\/#website","url":"https:\/\/americanownstarconstruction.com\/","name":"American Ownstar Construction","description":"Your Concrete Solution","publisher":{"@id":"https:\/\/americanownstarconstruction.com\/#organization"},"potentialAction":[{"@type":"SearchAction","target":{"@type":"EntryPoint","urlTemplate":"https:\/\/americanownstarconstruction.com\/?s={search_term_string}"},"query-input":"required name=search_term_string"}],"inLanguage":"es"},{"@type":"Organization","@id":"https:\/\/americanownstarconstruction.com\/#organization","name":"American Ownstar Construction","url":"https:\/\/americanownstarconstruction.com\/","logo":{"@type":"ImageObject","inLanguage":"es","@id":"https:\/\/americanownstarconstruction.com\/#\/schema\/logo\/image\/","url":"https:\/\/americanownstarconstruction.com\/wp-content\/uploads\/2022\/09\/Untitled-2-e1662931260386.png","contentUrl":"https:\/\/americanownstarconstruction.com\/wp-content\/uploads\/2022\/09\/Untitled-2-e1662931260386.png","width":1000,"height":370,"caption":"American Ownstar Construction"},"image":{"@id":"https:\/\/americanownstarconstruction.com\/#\/schema\/logo\/image\/"}}]}},"_links":{"self":[{"href":"https:\/\/americanownstarconstruction.com\/es\/wp-json\/wp\/v2\/pages\/45","targetHints":{"allow":["GET"]}}],"collection":[{"href":"https:\/\/americanownstarconstruction.com\/es\/wp-json\/wp\/v2\/pages"}],"about":[{"href":"https:\/\/americanownstarconstruction.com\/es\/wp-json\/wp\/v2\/types\/page"}],"author":[{"embeddable":true,"href":"https:\/\/americanownstarconstruction.com\/es\/wp-json\/wp\/v2\/users\/1"}],"replies":[{"embeddable":true,"href":"https:\/\/americanownstarconstruction.com\/es\/wp-json\/wp\/v2\/comments?post=45"}],"version-history":[{"count":0,"href":"https:\/\/americanownstarconstruction.com\/es\/wp-json\/wp\/v2\/pages\/45\/revisions"}],"wp:attachment":[{"href":"https:\/\/americanownstarconstruction.com\/es\/wp-json\/wp\/v2\/media?parent=45"}],"curies":[{"name":"wp","href":"https:\/\/api.w.org\/{rel}","templated":true}]}}